{"id":91,"date":"2026-01-18T14:22:45","date_gmt":"2026-01-18T13:22:45","guid":{"rendered":"https:\/\/necas.knowdigital.cz\/?page_id=91"},"modified":"2026-01-26T09:00:37","modified_gmt":"2026-01-26T08:00:37","slug":"home","status":"publish","type":"page","link":"https:\/\/necas.knowdigital.cz\/en\/","title":{"rendered":"Home"},"content":{"rendered":"<h1>Va\u0161e \u0159e\u0161en\u00ed RVP 27<br \/>\nm\u00e1 jm\u00e9no V\u00fdchova<br \/>\nke ctnostem.<\/h1>\n<p>Nejv\u011bt\u0161\u00ed reforma \u0161kolstv\u00ed za posledn\u00edch 20 let nemus\u00ed b\u00fdt jen dal\u0161\u00ed povinnost\u00ed. M\u016f\u017ee b\u00fdt p\u0159\u00edle\u017eitost\u00ed, jak se posunout mezi nejlep\u0161\u00ed a&nbsp;nejmodern\u011bj\u0161\u00ed \u0161koly, \u2028kter\u00e9 v&nbsp;d\u011btech rozv\u00edj\u00ed vnit\u0159n\u00ed kvality, slu\u0161nost a&nbsp;hodnoty s&nbsp;c\u00edlem pom\u00e1hat jim spoluvytv\u00e1\u0159et lep\u0161\u00ed spole\u010dnost. Na\u0161e unik\u00e1tn\u00ed a&nbsp;prov\u011b\u0159en\u00e1 metodika V\u00fdchova \u2028ke ctnostem v\u00e1m d\u00e1v\u00e1 hotov\u00e9 \u0159e\u0161en\u00ed o\u010dek\u00e1van\u00fdch v\u00fdstup\u016f u\u010den\u00ed v&nbsp;oblasti osobnostn\u00ed a&nbsp;soci\u00e1ln\u00ed v\u00fdchovy.<\/p>\n","protected":false},"excerpt":{"rendered":"<p>Va\u0161e \u0159e\u0161en\u00ed RVP 27 m\u00e1 jm\u00e9no V\u00fdchova ke ctnostem. Nejv\u011bt\u0161\u00ed reforma \u0161kolstv\u00ed za posledn\u00edch 20 let nemus\u00ed b\u00fdt jen dal\u0161\u00ed povinnost\u00ed. M\u016f\u017ee b\u00fdt p\u0159\u00edle\u017eitost\u00ed, jak se posunout mezi nejlep\u0161\u00ed a&nbsp;nejmodern\u011bj\u0161\u00ed \u0161koly, \u2028kter\u00e9 v&nbsp;d\u011btech rozv\u00edj\u00ed vnit\u0159n\u00ed kvality, slu\u0161nost a&nbsp;hodnoty s&nbsp;c\u00edlem pom\u00e1hat jim spoluvytv\u00e1\u0159et lep\u0161\u00ed spole\u010dnost. Na\u0161e unik\u00e1tn\u00ed a&nbsp;prov\u011b\u0159en\u00e1 metodika V\u00fdchova \u2028ke ctnostem v\u00e1m d\u00e1v\u00e1 hotov\u00e9 \u0159e\u0161en\u00ed [&hellip;]<\/p>\n","protected":false},"author":1,"featured_media":470,"parent":0,"menu_order":0,"comment_status":"closed","ping_status":"closed","template":"page_home.php","meta":{"inline_featured_image":false,"footnotes":""},"class_list":["post-91","page","type-page","status-publish","has-post-thumbnail","hentry"],"_links":{"self":[{"href":"https:\/\/necas.knowdigital.cz\/en\/wp-json\/wp\/v2\/pages\/91","targetHints":{"allow":["GET"]}}],"collection":[{"href":"https:\/\/necas.knowdigital.cz\/en\/wp-json\/wp\/v2\/pages"}],"about":[{"href":"https:\/\/necas.knowdigital.cz\/en\/wp-json\/wp\/v2\/types\/page"}],"author":[{"embeddable":true,"href":"https:\/\/necas.knowdigital.cz\/en\/wp-json\/wp\/v2\/users\/1"}],"replies":[{"embeddable":true,"href":"https:\/\/necas.knowdigital.cz\/en\/wp-json\/wp\/v2\/comments?post=91"}],"version-history":[{"count":2,"href":"https:\/\/necas.knowdigital.cz\/en\/wp-json\/wp\/v2\/pages\/91\/revisions"}],"predecessor-version":[{"id":481,"href":"https:\/\/necas.knowdigital.cz\/en\/wp-json\/wp\/v2\/pages\/91\/revisions\/481"}],"wp:featuredmedia":[{"embeddable":true,"href":"https:\/\/necas.knowdigital.cz\/en\/wp-json\/wp\/v2\/media\/470"}],"wp:attachment":[{"href":"https:\/\/necas.knowdigital.cz\/en\/wp-json\/wp\/v2\/media?parent=91"}],"curies":[{"name":"wp","href":"https:\/\/api.w.org\/{rel}","templated":true}]}}